{"id":1749,"date":"2024-08-13T16:44:46","date_gmt":"2024-08-13T14:44:46","guid":{"rendered":"https:\/\/powerboat-europe.com\/imprint\/"},"modified":"2024-08-20T09:20:47","modified_gmt":"2024-08-20T07:20:47","slug":"imprint","status":"publish","type":"page","link":"https:\/\/powerboat-europe.com\/en\/imprint\/","title":{"rendered":"Imprint"},"content":{"rendered":"\t\t<div data-elementor-type=\"wp-page\" data-elementor-id=\"1749\" class=\"elementor elementor-1749 elementor-813\" data-elementor-post-type=\"page\">\n\t\t\t\t<div class=\"elementor-element elementor-element-7ab7014 e-con-full e-flex e-con e-parent\" data-id=\"7ab7014\" data-element_type=\"container\" data-e-type=\"container\" data-settings=\"{&quot;jet_parallax_layout_list&quot;:[],&quot;background_background&quot;:&quot;classic&quot;}\">\n\t\t\t\t<div class=\"elementor-element elementor-element-ea8f6ad elementor-widget elementor-widget-heading\" data-id=\"ea8f6ad\" data-element_type=\"widget\" data-e-type=\"widget\" data-widget_type=\"heading.default\">\n\t\t\t\t<div class=\"elementor-widget-container\">\n\t\t\t\t\t<h1 class=\"elementor-heading-title elementor-size-default\">Imprint<\/h1>\t\t\t\t<\/div>\n\t\t\t\t<\/div>\n\t\t\t\t<div class=\"elementor-element elementor-element-9734a40 elementor-widget elementor-widget-button\" data-id=\"9734a40\" data-element_type=\"widget\" data-e-type=\"widget\" data-widget_type=\"button.default\">\n\t\t\t\t<div class=\"elementor-widget-container\">\n\t\t\t\t\t\t\t\t\t<div class=\"elementor-button-wrapper\">\n\t\t\t\t\t<a class=\"elementor-button elementor-button-link elementor-size-sm\" href=\"#mehr\">\n\t\t\t\t\t\t<span class=\"elementor-button-content-wrapper\">\n\t\t\t\t\t\t\t\t\t<span class=\"elementor-button-text\">Learn more<\/span>\n\t\t\t\t\t<\/span>\n\t\t\t\t\t<\/a>\n\t\t\t\t<\/div>\n\t\t\t\t\t\t\t\t<\/div>\n\t\t\t\t<\/div>\n\t\t\t\t<\/div>\n\t\t<div class=\"elementor-element elementor-element-6373c6f e-con-full e-flex e-con e-parent\" data-id=\"6373c6f\" data-element_type=\"container\" data-e-type=\"container\" id=\"mehr\" data-settings=\"{&quot;jet_parallax_layout_list&quot;:[]}\">\n\t\t\t\t<div class=\"elementor-element elementor-element-26cd408 elementor-widget elementor-widget-shortcode\" data-id=\"26cd408\" data-element_type=\"widget\" data-e-type=\"widget\" data-widget_type=\"shortcode.default\">\n\t\t\t\t<div class=\"elementor-widget-container\">\n\t\t\t\t\t\t\t<div class=\"elementor-shortcode\"><div class=\"avalex-container\" id=\"avalex-printable\" style=\"position: relative;\">                        Christopher Gr\u00e4f<br>Bootssport Gr\u00e4f<br><br>Im Gei\u00dfhorn 4<br>67346 Speyer<br><br>Phone: +49 6232 9805655<br>Email address: <a href=\"mailto:info@bootssportgraef.de\">info@bootssportgraef.de<\/a><br><br>Sales tax identification number according to \u00a7 27a UStG: DE309640369<br> This imprint also applies to the following social media profiles:<br>- <a href=\"https:\/\/www.instagram.com\/powerboat__europe\" target=\"_blank\">https:\/\/www.instagram.com\/powerboat__europe<\/a><br><br>We are not willing and not obliged to participate in any dispute resolution procedure before a consumer arbitration board.<br><br><input type=\"hidden\" name=\"avalex-legaltext\" value=\"avalex-impressum-en-WHT7O8ghQG\"><\/div><!-- \/.avalex-container --><\/div>\n\t\t\t\t\t\t<\/div>\n\t\t\t\t<\/div>\n\t\t\t\t<\/div>\n\t\t\t\t<\/div>\n\t\t","protected":false},"excerpt":{"rendered":"<p>Imprint Learn more<\/p>\n","protected":false},"author":1,"featured_media":855,"parent":0,"menu_order":0,"comment_status":"closed","ping_status":"closed","template":"elementor_header_footer","meta":{"footnotes":""},"class_list":["post-1749","page","type-page","status-publish","has-post-thumbnail","hentry"],"yoast_head":"<!-- This site is optimized with the Yoast SEO plugin v27.2 - https:\/\/yoast.com\/product\/yoast-seo-wordpress\/ -->\n<title>Powerboat Europe - Imprint<\/title>\n<meta name=\"robots\" content=\"index, follow, max-snippet:-1, max-image-preview:large, max-video-preview:-1\" \/>\n<link rel=\"canonical\" href=\"https:\/\/powerboat-europe.com\/en\/imprint\/\" \/>\n<meta property=\"og:locale\" content=\"en_US\" \/>\n<meta property=\"og:type\" content=\"article\" \/>\n<meta property=\"og:title\" content=\"Powerboat Europe - Imprint\" \/>\n<meta property=\"og:description\" content=\"Imprint Learn more\" \/>\n<meta property=\"og:url\" content=\"https:\/\/powerboat-europe.com\/en\/imprint\/\" \/>\n<meta property=\"og:site_name\" content=\"Powerboat Europe\" \/>\n<meta property=\"article:modified_time\" content=\"2024-08-20T07:20:47+00:00\" \/>\n<meta property=\"og:image\" content=\"https:\/\/powerboat-europe.com\/wp-content\/uploads\/2024\/07\/powerboat-logo-rot.png\" \/>\n\t<meta property=\"og:image:width\" content=\"647\" \/>\n\t<meta property=\"og:image:height\" content=\"682\" \/>\n\t<meta property=\"og:image:type\" content=\"image\/png\" \/>\n<meta name=\"twitter:card\" content=\"summary_large_image\" \/>\n<script type=\"application\/ld+json\" class=\"yoast-schema-graph\">{\"@context\":\"https:\/\/schema.org\",\"@graph\":[{\"@type\":\"WebPage\",\"@id\":\"https:\/\/powerboat-europe.com\/en\/imprint\/\",\"url\":\"https:\/\/powerboat-europe.com\/en\/imprint\/\",\"name\":\"Powerboat Europe - Imprint\",\"isPartOf\":{\"@id\":\"https:\/\/powerboat-europe.com\/en\/#website\"},\"primaryImageOfPage\":{\"@id\":\"https:\/\/powerboat-europe.com\/en\/imprint\/#primaryimage\"},\"image\":{\"@id\":\"https:\/\/powerboat-europe.com\/en\/imprint\/#primaryimage\"},\"thumbnailUrl\":\"https:\/\/powerboat-europe.com\/wp-content\/uploads\/2024\/07\/powerboat-logo-rot.png\",\"datePublished\":\"2024-08-13T14:44:46+00:00\",\"dateModified\":\"2024-08-20T07:20:47+00:00\",\"breadcrumb\":{\"@id\":\"https:\/\/powerboat-europe.com\/en\/imprint\/#breadcrumb\"},\"inLanguage\":\"en-US\",\"potentialAction\":[{\"@type\":\"ReadAction\",\"target\":[\"https:\/\/powerboat-europe.com\/en\/imprint\/\"]}]},{\"@type\":\"ImageObject\",\"inLanguage\":\"en-US\",\"@id\":\"https:\/\/powerboat-europe.com\/en\/imprint\/#primaryimage\",\"url\":\"https:\/\/powerboat-europe.com\/wp-content\/uploads\/2024\/07\/powerboat-logo-rot.png\",\"contentUrl\":\"https:\/\/powerboat-europe.com\/wp-content\/uploads\/2024\/07\/powerboat-logo-rot.png\",\"width\":647,\"height\":682},{\"@type\":\"BreadcrumbList\",\"@id\":\"https:\/\/powerboat-europe.com\/en\/imprint\/#breadcrumb\",\"itemListElement\":[{\"@type\":\"ListItem\",\"position\":1,\"name\":\"Startseite\",\"item\":\"https:\/\/powerboat-europe.com\/en\/\"},{\"@type\":\"ListItem\",\"position\":2,\"name\":\"Imprint\"}]},{\"@type\":\"WebSite\",\"@id\":\"https:\/\/powerboat-europe.com\/en\/#website\",\"url\":\"https:\/\/powerboat-europe.com\/en\/\",\"name\":\"Powerboat Europe\",\"description\":\"\",\"publisher\":{\"@id\":\"https:\/\/powerboat-europe.com\/en\/#organization\"},\"potentialAction\":[{\"@type\":\"SearchAction\",\"target\":{\"@type\":\"EntryPoint\",\"urlTemplate\":\"https:\/\/powerboat-europe.com\/en\/?s={search_term_string}\"},\"query-input\":{\"@type\":\"PropertyValueSpecification\",\"valueRequired\":true,\"valueName\":\"search_term_string\"}}],\"inLanguage\":\"en-US\"},{\"@type\":\"Organization\",\"@id\":\"https:\/\/powerboat-europe.com\/en\/#organization\",\"name\":\"Powerboat Europe\",\"url\":\"https:\/\/powerboat-europe.com\/en\/\",\"logo\":{\"@type\":\"ImageObject\",\"inLanguage\":\"en-US\",\"@id\":\"https:\/\/powerboat-europe.com\/en\/#\/schema\/logo\/image\/\",\"url\":\"https:\/\/powerboat-europe.com\/wp-content\/uploads\/2024\/04\/powerboat-textlogo.svg\",\"contentUrl\":\"https:\/\/powerboat-europe.com\/wp-content\/uploads\/2024\/04\/powerboat-textlogo.svg\",\"width\":219,\"height\":22,\"caption\":\"Powerboat Europe\"},\"image\":{\"@id\":\"https:\/\/powerboat-europe.com\/en\/#\/schema\/logo\/image\/\"},\"sameAs\":[\"https:\/\/www.instagram.com\/powerboat__europe\/\"]}]}<\/script>\n<!-- \/ Yoast SEO plugin. -->","yoast_head_json":{"title":"Powerboat Europe - Imprint","robots":{"index":"index","follow":"follow","max-snippet":"max-snippet:-1","max-image-preview":"max-image-preview:large","max-video-preview":"max-video-preview:-1"},"canonical":"https:\/\/powerboat-europe.com\/en\/imprint\/","og_locale":"en_US","og_type":"article","og_title":"Powerboat Europe - Imprint","og_description":"Imprint Learn more","og_url":"https:\/\/powerboat-europe.com\/en\/imprint\/","og_site_name":"Powerboat Europe","article_modified_time":"2024-08-20T07:20:47+00:00","og_image":[{"width":647,"height":682,"url":"https:\/\/powerboat-europe.com\/wp-content\/uploads\/2024\/07\/powerboat-logo-rot.png","type":"image\/png"}],"twitter_card":"summary_large_image","schema":{"@context":"https:\/\/schema.org","@graph":[{"@type":"WebPage","@id":"https:\/\/powerboat-europe.com\/en\/imprint\/","url":"https:\/\/powerboat-europe.com\/en\/imprint\/","name":"Powerboat Europe - Imprint","isPartOf":{"@id":"https:\/\/powerboat-europe.com\/en\/#website"},"primaryImageOfPage":{"@id":"https:\/\/powerboat-europe.com\/en\/imprint\/#primaryimage"},"image":{"@id":"https:\/\/powerboat-europe.com\/en\/imprint\/#primaryimage"},"thumbnailUrl":"https:\/\/powerboat-europe.com\/wp-content\/uploads\/2024\/07\/powerboat-logo-rot.png","datePublished":"2024-08-13T14:44:46+00:00","dateModified":"2024-08-20T07:20:47+00:00","breadcrumb":{"@id":"https:\/\/powerboat-europe.com\/en\/imprint\/#breadcrumb"},"inLanguage":"en-US","potentialAction":[{"@type":"ReadAction","target":["https:\/\/powerboat-europe.com\/en\/imprint\/"]}]},{"@type":"ImageObject","inLanguage":"en-US","@id":"https:\/\/powerboat-europe.com\/en\/imprint\/#primaryimage","url":"https:\/\/powerboat-europe.com\/wp-content\/uploads\/2024\/07\/powerboat-logo-rot.png","contentUrl":"https:\/\/powerboat-europe.com\/wp-content\/uploads\/2024\/07\/powerboat-logo-rot.png","width":647,"height":682},{"@type":"BreadcrumbList","@id":"https:\/\/powerboat-europe.com\/en\/imprint\/#breadcrumb","itemListElement":[{"@type":"ListItem","position":1,"name":"Startseite","item":"https:\/\/powerboat-europe.com\/en\/"},{"@type":"ListItem","position":2,"name":"Imprint"}]},{"@type":"WebSite","@id":"https:\/\/powerboat-europe.com\/en\/#website","url":"https:\/\/powerboat-europe.com\/en\/","name":"Powerboat Europe","description":"","publisher":{"@id":"https:\/\/powerboat-europe.com\/en\/#organization"},"potentialAction":[{"@type":"SearchAction","target":{"@type":"EntryPoint","urlTemplate":"https:\/\/powerboat-europe.com\/en\/?s={search_term_string}"},"query-input":{"@type":"PropertyValueSpecification","valueRequired":true,"valueName":"search_term_string"}}],"inLanguage":"en-US"},{"@type":"Organization","@id":"https:\/\/powerboat-europe.com\/en\/#organization","name":"Powerboat Europe","url":"https:\/\/powerboat-europe.com\/en\/","logo":{"@type":"ImageObject","inLanguage":"en-US","@id":"https:\/\/powerboat-europe.com\/en\/#\/schema\/logo\/image\/","url":"https:\/\/powerboat-europe.com\/wp-content\/uploads\/2024\/04\/powerboat-textlogo.svg","contentUrl":"https:\/\/powerboat-europe.com\/wp-content\/uploads\/2024\/04\/powerboat-textlogo.svg","width":219,"height":22,"caption":"Powerboat Europe"},"image":{"@id":"https:\/\/powerboat-europe.com\/en\/#\/schema\/logo\/image\/"},"sameAs":["https:\/\/www.instagram.com\/powerboat__europe\/"]}]}},"_links":{"self":[{"href":"https:\/\/powerboat-europe.com\/en\/wp-json\/wp\/v2\/pages\/1749","targetHints":{"allow":["GET"]}}],"collection":[{"href":"https:\/\/powerboat-europe.com\/en\/wp-json\/wp\/v2\/pages"}],"about":[{"href":"https:\/\/powerboat-europe.com\/en\/wp-json\/wp\/v2\/types\/page"}],"author":[{"embeddable":true,"href":"https:\/\/powerboat-europe.com\/en\/wp-json\/wp\/v2\/users\/1"}],"replies":[{"embeddable":true,"href":"https:\/\/powerboat-europe.com\/en\/wp-json\/wp\/v2\/comments?post=1749"}],"version-history":[{"count":0,"href":"https:\/\/powerboat-europe.com\/en\/wp-json\/wp\/v2\/pages\/1749\/revisions"}],"wp:featuredmedia":[{"embeddable":true,"href":"https:\/\/powerboat-europe.com\/en\/wp-json\/wp\/v2\/media\/855"}],"wp:attachment":[{"href":"https:\/\/powerboat-europe.com\/en\/wp-json\/wp\/v2\/media?parent=1749"}],"curies":[{"name":"wp","href":"https:\/\/api.w.org\/{rel}","templated":true}]}}